{"id":674,"date":"2022-09-13T13:27:22","date_gmt":"2022-09-13T13:27:22","guid":{"rendered":"http:\/\/intezet.josz.org\/?page_id=674"},"modified":"2023-07-05T14:06:52","modified_gmt":"2023-07-05T14:06:52","slug":"kutatocsoportok","status":"publish","type":"page","link":"https:\/\/intezet.josz.org\/index.php\/kutatocsoportok\/","title":{"rendered":"Kutat\u00f3csoportok"},"content":{"rendered":"\n<h4><strong>Versenyjogi Kutat\u00f3csapat<\/strong><\/h4>\n\n\n\n<p>A digit\u00e1lis piacok adatv\u00e9delmi-versenyjogi megk\u00f6zel\u00edt\u00e9s\u00e9nek kih\u00edv\u00e1sai \u00e9s lehet\u0151s\u00e9gei Magyarorsz\u00e1gon.<\/p>\n\n\n\n<p>A versenyjogi kutat\u00f3csoport k\u00e9t tanulm\u00e1ny meg\u00edr\u00e1s\u00e1t t\u0171zte ki c\u00e9lul. Az els\u0151 tanulm\u00e1ny t\u00e9mak\u00f6re az Eur\u00f3pai Bizotts\u00e1g \u00e1ltal 2020. december\u00e9ben el\u0151terjesztett Digital Markets Act (DMA) hat\u00e1sainak \u00e9s jogtechnikai megold\u00e1sainak vizsg\u00e1lata, a digit\u00e1lis platformokra n\u00e9zve k\u00f6telezetts\u00e9get meg\u00e1llap\u00edt\u00f3 rendelkez\u00e9sek \u00e9rt\u00e9kel\u00e9se az uni\u00f3s versenyjog alapj\u00e1n. A tanulm\u00e1ny kisebb r\u00e9szben, de \u00e9rinti a DMA-val kapcsolatos jogalkalmaz\u00e1si vit\u00e1kat is. A m\u00e1sodik tanulm\u00e1ny az adatv\u00e9delem \u00e9s a versenyjog kapcsolat\u00e1t helyezi f\u00f3kuszba a digit\u00e1lis piacokon, figyelembe v\u00e9ve a jogi megk\u00f6zel\u00edt\u00e9s eredm\u00e9nyeit \u00e9s a k\u00fcl\u00f6nb\u00f6z\u0151 gazdas\u00e1gtudom\u00e1nyi elm\u00e9letek \u00e1ltal azonos\u00edtott k\u00e9rd\u00e9seket, mint p\u00e9ld\u00e1ul a viselked\u00e9s-gazdas\u00e1gi szempontokat, a k\u00e1relm\u00e9leteket vagy a szigor\u00fa adatv\u00e9delmi szab\u00e1lyok esetlegesen piackorl\u00e1toz\u00f3 hat\u00e1s\u00e1t. A vizsg\u00e1lat ezen t\u00fal kiterjed a versenyhat\u00f3s\u00e1g \u00e9s az adatv\u00e9delmi hat\u00f3s\u00e1g k\u00f6z\u00f6tti egy\u00fcttm\u0171k\u00f6d\u00e9si lehet\u0151s\u00e9gekre, azok el\u0151nyeire, korl\u00e1taira \u00e9s indokolts\u00e1g\u00e1ra, gyakorlat\u00e1ra k\u00fcl\u00f6nb\u00f6z\u0151 orsz\u00e1gokban. A kutat\u00e1s sor\u00e1n megvizsg\u00e1l\u00e1sra ker\u00fclnek kapcsol\u00f3d\u00f3 fogyaszt\u00f3v\u00e9delmi k\u00e9rd\u00e9sek is, t\u00f6bbek k\u00f6z\u00f6tt a fogyaszt\u00f3v\u00e9delem c\u00e9ljainak \u00e9s eszk\u00f6zeinek elemz\u00e9se a versenyjogi \u00e9s adatv\u00e9delmi beavatkoz\u00e1shoz viszony\u00edtva.<\/p>\n\n\n\n<figure class=\"wp-block-gallery columns-3 is-cropped\"><ul class=\"blocks-gallery-grid\"><li class=\"blocks-gallery-item\"><figure><img loading=\"lazy\" width=\"1024\" height=\"1024\" src=\"http:\/\/intezet.josz.org\/wp-content\/uploads\/2022\/09\/DSC3794-1024x1024.jpg\" alt=\"\" data-id=\"677\" data-full-url=\"http:\/\/intezet.josz.org\/wp-content\/uploads\/2022\/09\/DSC3794-scaled.jpg\" data-link=\"http:\/\/intezet.josz.org\/index.php\/kutatoink\/dsc3794\/\" class=\"wp-image-677\" srcset=\"https:\/\/intezet.josz.org\/wp-content\/uploads\/2022\/09\/DSC3794-1024x1024.jpg 1024w, https:\/\/intezet.josz.org\/wp-content\/uploads\/2022\/09\/DSC3794-300x300.jpg 300w, https:\/\/intezet.josz.org\/wp-content\/uploads\/2022\/09\/DSC3794-150x150.jpg 150w, https:\/\/intezet.josz.org\/wp-content\/uploads\/2022\/09\/DSC3794-768x768.jpg 768w, https:\/\/intezet.josz.org\/wp-content\/uploads\/2022\/09\/DSC3794-1536x1536.jpg 1536w, https:\/\/intezet.josz.org\/wp-content\/uploads\/2022\/09\/DSC3794-2048x2048.jpg 2048w\" sizes=\"(max-width: 1024px) 100vw, 1024px\" \/><figcaption class=\"blocks-gallery-item__caption\"><strong>Dr. Teleki L\u00f3r\u00e1nt<\/strong><\/figcaption><\/figure><\/li><li class=\"blocks-gallery-item\"><figure><img loading=\"lazy\" width=\"1024\" height=\"1024\" src=\"http:\/\/intezet.josz.org\/wp-content\/uploads\/2022\/09\/DSC3941-1024x1024.jpg\" alt=\"\" data-id=\"678\" data-full-url=\"http:\/\/intezet.josz.org\/wp-content\/uploads\/2022\/09\/DSC3941-scaled.jpg\" data-link=\"http:\/\/intezet.josz.org\/index.php\/kutatoink\/dsc3941\/\" class=\"wp-image-678\" srcset=\"https:\/\/intezet.josz.org\/wp-content\/uploads\/2022\/09\/DSC3941-1024x1024.jpg 1024w, https:\/\/intezet.josz.org\/wp-content\/uploads\/2022\/09\/DSC3941-300x300.jpg 300w, https:\/\/intezet.josz.org\/wp-content\/uploads\/2022\/09\/DSC3941-150x150.jpg 150w, https:\/\/intezet.josz.org\/wp-content\/uploads\/2022\/09\/DSC3941-768x768.jpg 768w, https:\/\/intezet.josz.org\/wp-content\/uploads\/2022\/09\/DSC3941-1536x1536.jpg 1536w, https:\/\/intezet.josz.org\/wp-content\/uploads\/2022\/09\/DSC3941-2048x2048.jpg 2048w\" sizes=\"(max-width: 1024px) 100vw, 1024px\" \/><figcaption class=\"blocks-gallery-item__caption\"><strong>Dr. Major Fruzsina<\/strong><\/figcaption><\/figure><\/li><li class=\"blocks-gallery-item\"><figure><img loading=\"lazy\" width=\"533\" height=\"800\" src=\"http:\/\/intezet.josz.org\/wp-content\/uploads\/2023\/07\/ID-pic-1.jpg\" alt=\"\" data-id=\"1187\" data-full-url=\"http:\/\/intezet.josz.org\/wp-content\/uploads\/2023\/07\/ID-pic-1.jpg\" data-link=\"http:\/\/intezet.josz.org\/index.php\/kutatocsoportok\/id-pic-1\/\" class=\"wp-image-1187\" srcset=\"https:\/\/intezet.josz.org\/wp-content\/uploads\/2023\/07\/ID-pic-1.jpg 533w, https:\/\/intezet.josz.org\/wp-content\/uploads\/2023\/07\/ID-pic-1-200x300.jpg 200w\" sizes=\"(max-width: 533px) 100vw, 533px\" \/><figcaption class=\"blocks-gallery-item__caption\"><strong>Dr. P\u00e1szt\u00e9lyi Emese<\/strong><\/figcaption><\/figure><\/li><\/ul><\/figure>\n\n\n\n<p><strong><span style=\"text-decoration: underline;\">R\u00e9sztanulm\u00e1nyok:<\/span><\/strong><\/p>\n\n\n\n<p><strong><a href=\"http:\/\/intezet.josz.org\/wp-content\/uploads\/2023\/07\/003.-Pasztelyi-Emese-I..pdf\">Emese P\u00e1szt\u00e9lyi:<\/a><\/strong><a href=\"http:\/\/intezet.josz.org\/wp-content\/uploads\/2023\/07\/003.-Pasztelyi-Emese-I..pdf\"> The regulatory considerations behind the new Digital Markets Act<\/a><\/p>\n\n\n\n<h4><strong>Eur\u00f3pai Uni\u00f3s Jogi Kutat\u00f3csapat<\/strong><\/h4>\n\n\n\n<figure class=\"wp-block-gallery columns-3 is-cropped\"><ul class=\"blocks-gallery-grid\"><li class=\"blocks-gallery-item\"><figure><img loading=\"lazy\" width=\"1024\" height=\"1024\" src=\"http:\/\/intezet.josz.org\/wp-content\/uploads\/2022\/09\/DSC3645-1024x1024.jpg\" alt=\"\" data-id=\"680\" data-link=\"http:\/\/intezet.josz.org\/?attachment_id=680\" class=\"wp-image-680\" srcset=\"https:\/\/intezet.josz.org\/wp-content\/uploads\/2022\/09\/DSC3645-1024x1024.jpg 1024w, https:\/\/intezet.josz.org\/wp-content\/uploads\/2022\/09\/DSC3645-300x300.jpg 300w, https:\/\/intezet.josz.org\/wp-content\/uploads\/2022\/09\/DSC3645-150x150.jpg 150w, https:\/\/intezet.josz.org\/wp-content\/uploads\/2022\/09\/DSC3645-768x768.jpg 768w, https:\/\/intezet.josz.org\/wp-content\/uploads\/2022\/09\/DSC3645-1536x1536.jpg 1536w, https:\/\/intezet.josz.org\/wp-content\/uploads\/2022\/09\/DSC3645-2048x2048.jpg 2048w\" sizes=\"(max-width: 1024px) 100vw, 1024px\" \/><figcaption class=\"blocks-gallery-item__caption\"><strong>Dr. Simon Tam\u00e1s<\/strong><\/figcaption><\/figure><\/li><li class=\"blocks-gallery-item\"><figure><img loading=\"lazy\" width=\"1024\" height=\"1024\" src=\"http:\/\/intezet.josz.org\/wp-content\/uploads\/2022\/10\/Untitled-design-2-1024x1024.png\" alt=\"\" data-id=\"729\" data-full-url=\"http:\/\/intezet.josz.org\/wp-content\/uploads\/2022\/10\/Untitled-design-2.png\" data-link=\"http:\/\/intezet.josz.org\/index.php\/kutatoink\/untitled-design-2-3\/\" class=\"wp-image-729\" srcset=\"https:\/\/intezet.josz.org\/wp-content\/uploads\/2022\/10\/Untitled-design-2-1024x1024.png 1024w, https:\/\/intezet.josz.org\/wp-content\/uploads\/2022\/10\/Untitled-design-2-300x300.png 300w, https:\/\/intezet.josz.org\/wp-content\/uploads\/2022\/10\/Untitled-design-2-150x150.png 150w, https:\/\/intezet.josz.org\/wp-content\/uploads\/2022\/10\/Untitled-design-2-768x768.png 768w, https:\/\/intezet.josz.org\/wp-content\/uploads\/2022\/10\/Untitled-design-2-1536x1536.png 1536w, https:\/\/intezet.josz.org\/wp-content\/uploads\/2022\/10\/Untitled-design-2-2048x2048.png 2048w\" sizes=\"(max-width: 1024px) 100vw, 1024px\" \/><figcaption class=\"blocks-gallery-item__caption\"><strong>Dr. Barkai L\u00e9da<\/strong><\/figcaption><\/figure><\/li><li class=\"blocks-gallery-item\"><figure><img loading=\"lazy\" width=\"1024\" height=\"1024\" src=\"http:\/\/intezet.josz.org\/wp-content\/uploads\/2022\/09\/Untitled-design-2-1024x1024.png\" alt=\"\" data-id=\"598\" data-link=\"http:\/\/intezet.josz.org\/index.php\/az-intezetrol\/untitled-design-2\/\" class=\"wp-image-598\" srcset=\"https:\/\/intezet.josz.org\/wp-content\/uploads\/2022\/09\/Untitled-design-2-1024x1024.png 1024w, https:\/\/intezet.josz.org\/wp-content\/uploads\/2022\/09\/Untitled-design-2-300x300.png 300w, https:\/\/intezet.josz.org\/wp-content\/uploads\/2022\/09\/Untitled-design-2-150x150.png 150w, https:\/\/intezet.josz.org\/wp-content\/uploads\/2022\/09\/Untitled-design-2-768x768.png 768w, https:\/\/intezet.josz.org\/wp-content\/uploads\/2022\/09\/Untitled-design-2-1536x1536.png 1536w, https:\/\/intezet.josz.org\/wp-content\/uploads\/2022\/09\/Untitled-design-2-2048x2048.png 2048w\" sizes=\"(max-width: 1024px) 100vw, 1024px\" \/><\/figure><\/li><\/ul><\/figure>\n","protected":false},"excerpt":{"rendered":"<p>Versenyjogi Kutat\u00f3csapat A digit\u00e1lis piacok adatv\u00e9delmi-versenyjogi megk\u00f6zel\u00edt\u00e9s\u00e9nek kih\u00edv\u00e1sai \u00e9s lehet\u0151s\u00e9gei Magyarorsz\u00e1gon. A versenyjogi kutat\u00f3csoport k\u00e9t tanulm\u00e1ny meg\u00edr\u00e1s\u00e1t t\u0171zte ki c\u00e9lul. Az els\u0151 tanulm\u00e1ny t\u00e9mak\u00f6re az Eur\u00f3pai Bizotts\u00e1g \u00e1ltal 2020. december\u00e9ben el\u0151terjesztett Digital Markets Act (DMA) hat\u00e1sainak \u00e9s jogtechnikai megold\u00e1sainak vizsg\u00e1lata, a digit\u00e1lis platformokra n\u00e9zve k\u00f6telezetts\u00e9get meg\u00e1llap\u00edt\u00f3 rendelkez\u00e9sek \u00e9rt\u00e9kel\u00e9se az uni\u00f3s versenyjog alapj\u00e1n. A tanulm\u00e1ny kisebb r\u00e9szben, de \u00e9rinti a DMA-val [&hellip;]<\/p>\n","protected":false},"author":2,"featured_media":0,"parent":0,"menu_order":0,"comment_status":"closed","ping_status":"closed","template":"","meta":{"_monsterinsights_skip_tracking":false,"_monsterinsights_sitenote_active":false,"_monsterinsights_sitenote_note":"","_monsterinsights_sitenote_category":0},"_links":{"self":[{"href":"https:\/\/intezet.josz.org\/index.php\/wp-json\/wp\/v2\/pages\/674"}],"collection":[{"href":"https:\/\/intezet.josz.org\/index.php\/wp-json\/wp\/v2\/pages"}],"about":[{"href":"https:\/\/intezet.josz.org\/index.php\/wp-json\/wp\/v2\/types\/page"}],"author":[{"embeddable":true,"href":"https:\/\/intezet.josz.org\/index.php\/wp-json\/wp\/v2\/users\/2"}],"replies":[{"embeddable":true,"href":"https:\/\/intezet.josz.org\/index.php\/wp-json\/wp\/v2\/comments?post=674"}],"version-history":[{"count":5,"href":"https:\/\/intezet.josz.org\/index.php\/wp-json\/wp\/v2\/pages\/674\/revisions"}],"predecessor-version":[{"id":1189,"href":"https:\/\/intezet.josz.org\/index.php\/wp-json\/wp\/v2\/pages\/674\/revisions\/1189"}],"wp:attachment":[{"href":"https:\/\/intezet.josz.org\/index.php\/wp-json\/wp\/v2\/media?parent=674"}],"curies":[{"name":"wp","href":"https:\/\/api.w.org\/{rel}","templated":true}]}}