{"id":21,"date":"2021-02-13T21:26:35","date_gmt":"2021-02-13T21:26:35","guid":{"rendered":"http:\/\/intezet.josz.org\/?page_id=21"},"modified":"2021-05-23T15:55:33","modified_gmt":"2021-05-23T15:55:33","slug":"kiadoi-tevekenyseg","status":"publish","type":"page","link":"https:\/\/intezet.josz.org\/index.php\/kiadoi-tevekenyseg\/","title":{"rendered":"Kiad\u00f3i tev\u00e9kenys\u00e9g"},"content":{"rendered":"\n<p>A J\u00d6Sz Alap\u00edtv\u00e1ny kiad\u00f3i tev\u00e9kenys\u00e9g\u00e9nek koordin\u00e1l\u00e1s\u00e1val \u00e9s megval\u00f3s\u00edt\u00e1s\u00e1val a J\u00d6Sz Int\u00e9zet foglalkozik. Ezen tev\u00e9kenys\u00e9g keret\u00e9ben az al\u00e1bbi kiadv\u00e1nyokat adtuk ki, az al\u00e1bbi szakmai foly\u00f3iratok kiad\u00e1s\u00e1val foglalkozunk:<\/p>\n\n\n\n<p><a href=\"http:\/\/intezet.josz.org\/index.php\/impresszum\/\" data-type=\"URL\" data-id=\"http:\/\/intezet.josz.org\/index.php\/impresszum\/\"><strong>J\u00d6Sz Jogtudom\u00e1nyi Szemle<\/strong><\/a><\/p>\n","protected":false},"excerpt":{"rendered":"<p>A J\u00d6Sz Alap\u00edtv\u00e1ny kiad\u00f3i tev\u00e9kenys\u00e9g\u00e9nek koordin\u00e1l\u00e1s\u00e1val \u00e9s megval\u00f3s\u00edt\u00e1s\u00e1val a J\u00d6Sz Int\u00e9zet foglalkozik. Ezen tev\u00e9kenys\u00e9g keret\u00e9ben az al\u00e1bbi kiadv\u00e1nyokat adtuk ki, az al\u00e1bbi szakmai foly\u00f3iratok kiad\u00e1s\u00e1val foglalkozunk: J\u00d6Sz Jogtudom\u00e1nyi Szemle<\/p>\n","protected":false},"author":1,"featured_media":0,"parent":0,"menu_order":0,"comment_status":"closed","ping_status":"closed","template":"page-templates\/full-width-container.php","meta":{"_monsterinsights_skip_tracking":false,"_monsterinsights_sitenote_active":false,"_monsterinsights_sitenote_note":"","_monsterinsights_sitenote_category":0},"_links":{"self":[{"href":"https:\/\/intezet.josz.org\/index.php\/wp-json\/wp\/v2\/pages\/21"}],"collection":[{"href":"https:\/\/intezet.josz.org\/index.php\/wp-json\/wp\/v2\/pages"}],"about":[{"href":"https:\/\/intezet.josz.org\/index.php\/wp-json\/wp\/v2\/types\/page"}],"author":[{"embeddable":true,"href":"https:\/\/intezet.josz.org\/index.php\/wp-json\/wp\/v2\/users\/1"}],"replies":[{"embeddable":true,"href":"https:\/\/intezet.josz.org\/index.php\/wp-json\/wp\/v2\/comments?post=21"}],"version-history":[{"count":4,"href":"https:\/\/intezet.josz.org\/index.php\/wp-json\/wp\/v2\/pages\/21\/revisions"}],"predecessor-version":[{"id":143,"href":"https:\/\/intezet.josz.org\/index.php\/wp-json\/wp\/v2\/pages\/21\/revisions\/143"}],"wp:attachment":[{"href":"https:\/\/intezet.josz.org\/index.php\/wp-json\/wp\/v2\/media?parent=21"}],"curies":[{"name":"wp","href":"https:\/\/api.w.org\/{rel}","templated":true}]}}