{"id":2067,"date":"2026-03-23T13:17:29","date_gmt":"2026-03-23T13:17:29","guid":{"rendered":"http:\/\/intezet.josz.org\/?page_id=2067"},"modified":"2026-03-24T21:39:47","modified_gmt":"2026-03-24T21:39:47","slug":"josz-intezet-kisokosok","status":"publish","type":"page","link":"https:\/\/intezet.josz.org\/index.php\/josz-intezet-kisokosok\/","title":{"rendered":"J\u00d6Sz Int\u00e9zet \u2013 Kisokosok"},"content":{"rendered":"\n<p>IMPRESSZUM<\/p>\n\n\n\n<p><strong>Sorozat szerkeszt\u0151:<\/strong>&nbsp;Dr. Koll\u00e1th Mih\u00e1ly G\u00e1bor<\/p>\n\n\n\n<p><strong>Kiadja:&nbsp;<\/strong>Jog\u00e1szok \u00d6nk\u00e9pz\u0151 Szervezet\u00e9\u00e9rt Alap\u00edtv\u00e1ny&nbsp;<br>Sz\u00e9khely: 1056, Budapest, Szerb utca 3.&nbsp;<br>intezet@josz.org&nbsp;<\/p>\n\n\n\n<p><strong>A kiad\u00e1s\u00e9rt felel:&nbsp;<\/strong>Dr. Losteiner Cec\u00edlia, a Kurat\u00f3rium eln\u00f6ke&nbsp;<\/p>\n\n\n\n<p><strong>ISSN:&nbsp;<\/strong>ISSN&nbsp;3141-687X<\/p>\n\n\n\n<p><strong>Kapcsolat:&nbsp;<\/strong>intezet@josz.org<\/p>\n\n\n\n<p><strong>A sorozat eddig megjelent k\u00f6tetei:<\/strong><\/p>\n\n\n\n<div class=\"wp-block-columns\">\n<div class=\"wp-block-column\">\n<figure class=\"wp-block-image size-large\"><a href=\"http:\/\/intezet.josz.org\/wp-content\/uploads\/2026\/03\/Valasztasi-Kisokos-2026-8.pdf\"><img loading=\"lazy\" width=\"724\" height=\"1024\" src=\"https:\/\/intezet.josz.org\/wp-content\/uploads\/2026\/03\/Valasztasi-kisokos-2026-724x1024.png\" alt=\"\" class=\"wp-image-2070\" srcset=\"https:\/\/intezet.josz.org\/wp-content\/uploads\/2026\/03\/Valasztasi-kisokos-2026-724x1024.png 724w, https:\/\/intezet.josz.org\/wp-content\/uploads\/2026\/03\/Valasztasi-kisokos-2026-212x300.png 212w, https:\/\/intezet.josz.org\/wp-content\/uploads\/2026\/03\/Valasztasi-kisokos-2026-768x1086.png 768w, https:\/\/intezet.josz.org\/wp-content\/uploads\/2026\/03\/Valasztasi-kisokos-2026-1086x1536.png 1086w, https:\/\/intezet.josz.org\/wp-content\/uploads\/2026\/03\/Valasztasi-kisokos-2026.png 1414w\" sizes=\"(max-width: 724px) 100vw, 724px\" \/><\/a><\/figure>\n<\/div>\n\n\n\n<div class=\"wp-block-column\"><\/div>\n<\/div>\n","protected":false},"excerpt":{"rendered":"<p>IMPRESSZUM Sorozat szerkeszt\u0151:&nbsp;Dr. Koll\u00e1th Mih\u00e1ly G\u00e1bor Kiadja:&nbsp;Jog\u00e1szok \u00d6nk\u00e9pz\u0151 Szervezet\u00e9\u00e9rt Alap\u00edtv\u00e1ny&nbsp;Sz\u00e9khely: 1056, Budapest, Szerb utca 3.&nbsp;intezet@josz.org&nbsp; A kiad\u00e1s\u00e9rt felel:&nbsp;Dr. Losteiner Cec\u00edlia, a Kurat\u00f3rium eln\u00f6ke&nbsp; ISSN:&nbsp;ISSN&nbsp;3141-687X Kapcsolat:&nbsp;intezet@josz.org A sorozat eddig megjelent k\u00f6tetei:<\/p>\n","protected":false},"author":2,"featured_media":0,"parent":0,"menu_order":0,"comment_status":"closed","ping_status":"closed","template":"","meta":{"_monsterinsights_skip_tracking":false,"_monsterinsights_sitenote_active":false,"_monsterinsights_sitenote_note":"","_monsterinsights_sitenote_category":0},"_links":{"self":[{"href":"https:\/\/intezet.josz.org\/index.php\/wp-json\/wp\/v2\/pages\/2067"}],"collection":[{"href":"https:\/\/intezet.josz.org\/index.php\/wp-json\/wp\/v2\/pages"}],"about":[{"href":"https:\/\/intezet.josz.org\/index.php\/wp-json\/wp\/v2\/types\/page"}],"author":[{"embeddable":true,"href":"https:\/\/intezet.josz.org\/index.php\/wp-json\/wp\/v2\/users\/2"}],"replies":[{"embeddable":true,"href":"https:\/\/intezet.josz.org\/index.php\/wp-json\/wp\/v2\/comments?post=2067"}],"version-history":[{"count":6,"href":"https:\/\/intezet.josz.org\/index.php\/wp-json\/wp\/v2\/pages\/2067\/revisions"}],"predecessor-version":[{"id":2080,"href":"https:\/\/intezet.josz.org\/index.php\/wp-json\/wp\/v2\/pages\/2067\/revisions\/2080"}],"wp:attachment":[{"href":"https:\/\/intezet.josz.org\/index.php\/wp-json\/wp\/v2\/media?parent=2067"}],"curies":[{"name":"wp","href":"https:\/\/api.w.org\/{rel}","templated":true}]}}