{"id":1473,"date":"2024-06-15T16:59:00","date_gmt":"2024-06-15T16:59:00","guid":{"rendered":"http:\/\/intezet.josz.org\/?page_id=1473"},"modified":"2024-06-15T16:59:00","modified_gmt":"2024-06-15T16:59:00","slug":"hodula-mate-a-mesterseges-intelligencia-es-a-buntetojogi-felelosseg","status":"publish","type":"page","link":"https:\/\/intezet.josz.org\/index.php\/hodula-mate-a-mesterseges-intelligencia-es-a-buntetojogi-felelosseg\/","title":{"rendered":"Hodula M\u00e1t\u00e9 &#8211; A mesters\u00e9ges intelligencia \u00e9s a b\u00fcntet\u0151jogi felel\u0151ss\u00e9g"},"content":{"rendered":"\n<h3>Rez\u00fcm\u00e9<\/h3>\n\n\n\n<blockquote class=\"wp-block-quote\"><p>A mesters\u00e9ges intelligencia \u00e9s a (b\u00fcntet\u0151)jogi felel\u0151ss\u00e9g kapcsolata a k\u00f6zelm\u00falt egyik n\u00e9pszer\u0171 kutat\u00e1si t\u00e9m\u00e1j\u00e1v\u00e1 v\u00e1lt, azonban \u2013 \u00e9pp az egyre b\u0151v\u00fcl\u0151 hazai \u00e9s nemzetk\u00f6zi szakirodalomra, valamint ut\u00f3bbiakban m\u00e1r a nemzetk\u00f6zi jogalkot\u00e1si javaslatokra tekintettel \u2013 elengedhetetlennek tartom a t\u00e9ma r\u00e9szletes \u00e1ttekint\u00e9s\u00e9t. A mesters\u00e9ges intelligenci\u00e1val m\u0171k\u00f6d\u0151 eszk\u00f6z\u00f6k egyre t\u00f6bb \u00e9s t\u00f6bb pontban hat\u00e1rozz\u00e1k meg h\u00e9tk\u00f6znapi \u00e9let\u00fcnket, azonban enn\u00e9lfogva az \u00e1ltaluk okozott s\u00e9relmek sz\u00e1ma is n\u00f6vekszik \u2013 el\u00e9g csak az internetes keres\u0151k automatikus kieg\u00e9sz\u00edt\u0151 funkci\u00f3ja okozta jogs\u00e9relmekre gondolni, valamint szint\u00e9n eklat\u00e1ns p\u00e9lda, hogy a k\u00e9zirat lead\u00e1sa el\u0151tti h\u00e9ten j\u00e1rta be a vil\u00e1gsajt\u00f3 a h\u00e9t\u00e9ves kisfi\u00fa ujj\u00e1t elt\u00f6r\u0151 sakkrobot h\u00edre. \u00c9ppen ez\u00e9rt tartom sz\u00fcks\u00e9gesnek, hogy a technol\u00f3gia m\u00f6g\u00f6tti felel\u0151ss\u00e9gi konstrukci\u00f3k ismertek legyenek, valamint a nemzetk\u00f6zi vagy a hazai jogalkot\u00e1s megfelel\u0151 standardokat dolgozzon ki ezekre tekintettel, hogy a jogs\u00e9rt\u00e9sek miatti felel\u0151ss\u00e9get meg\u00e1llap\u00edt\u00f3 jogalkalmaz\u00e1s ne legyen rendk\u00edv\u00fcl sz\u00e9ttart\u00f3, ez pedig ne v\u00e1ljon az \u00e9let\u00fcnket megk\u00f6nny\u00edt\u0151 fejleszt\u00e9sek k\u00e1r\u00e1ra Amint arra a kutat\u00e1s sor\u00e1n is r\u00e1mutatok, a mesters\u00e9ges intelligenci\u00e1val kapcsolatos felel\u0151ss\u00e9gi konstrukci\u00f3 k\u00e9rd\u00e9sk\u00f6re a katonai b\u00fcntet\u0151jogban az auton\u00f3m fegyverrendszerek okozta jogs\u00e9rt\u00e9sek vizsg\u00e1lat\u00e1val kapcsolatosan m\u00e1r \u00e9vtizedek \u00f3ta megjelent. Ezen kapcsolatra a hazai jogtudom\u00e1nyi munk\u00e1k egyel\u0151re elv\u00e9tve elemezt\u00e9k, \u00edgy sz\u00fcks\u00e9gesnek tartottam ezen t\u00f6rt\u00e9neti el\u0151zm\u00e9ny bemutat\u00e1s\u00e1t is. A kutat\u00e1s sor\u00e1n \u2013 a mesters\u00e9ges intelligencia defin\u00edci\u00f3inak bemutat\u00e1s\u00e1t k\u00f6vet\u0151en \u2013 az absztrakt t\u00e9ny\u00e1ll\u00e1s t\u00e1rgyi \u00e9s alanyi oldal\u00e1ra gyakorolt hat\u00e1s\u00e1t elemzem, ezt k\u00f6vet\u0151en a k\u00fcl\u00f6n\u00f6sr\u00e9szi p\u00e9ld\u00e1kon kereszt\u00fcl szeml\u00e9ltetem a technol\u00f3gia jelentette v\u00e1ltoz\u00e1sokat. A tanulm\u00e1nyt a b\u00fcntet\u0151elj\u00e1r\u00e1sra vonatkoz\u00f3, a b\u00fcntet\u00e9skiszab\u00e1shoz kapcsol\u00f3d\u00f3 exkurzussal z\u00e1rom, tekintettel arra, hogy ezen t\u00e9mak\u00f6r az anyagi joggal is szoros kapcsolatban \u00e1ll. B\u00edzom benne, hogy a kutat\u00e1s hozz\u00e1j\u00e1rul ahhoz, hogy a hazai b\u00fcntet\u0151jogi jogtudom\u00e1ny egyre t\u00f6bb k\u00e9pvisel\u0151je foglalkozzon r\u00e9szletesen a k\u00e9rd\u00e9sk\u00f6rrel, az ebben a tanulm\u00e1nyban felvetett probl\u00e9m\u00e1kat tov\u00e1bb gondolva \u00e9 azokat esetlegesen megv\u00e1laszolva (vagy saj\u00e1t javaslataim hib\u00e1ira r\u00e1mutatva). Amint azt a kutat\u00e1s z\u00e1r\u00e1sak\u00e9nt is \u00f6sszegzem, \u00e1ll\u00e1spontom szerint a b\u00fcntet\u0151jog jelenlegi tudom\u00e1nya rendelkezik a felmer\u00fclt k\u00e9rd\u00e9sekre adand\u00f3 v\u00e1laszokkal, \u00e9s a mesters\u00e9ges intelligencia \u00fajdons\u00e1ga ellen\u00e9re alkalmazhat\u00f3k maradnak az eddigi fogalmaink \u00e9s megold\u00e1saink \u2013 azokat legfeljebb csak n\u00e9mileg kell alak\u00edtanunk a modern kor kih\u00edv\u00e1sainak megfelel\u0151en.<\/p><\/blockquote>\n\n\n\n<p>A tanulm\u00e1ny a J\u00d6Sz 2022. \u00e9vi Doktorandusz Kutat\u00f3i \u00d6szt\u00f6nd\u00edj keret\u00e9ben j\u00f6tt  l\u00e9tre.<\/p>\n\n\n\n<p>A tanulm\u00e1ny a k\u00e9pre kattintva \u00e9rhet\u0151 el.<\/p>\n\n\n\n<figure class=\"wp-block-image size-large\"><a href=\"https:\/\/intezet.josz.org\/wp-content\/uploads\/2024\/06\/Hodula-Mate-A-mesterseges-intelligencia-es-a-buntetojogi-felelosseg.pdf\"><img loading=\"lazy\" width=\"1024\" height=\"1024\" src=\"http:\/\/intezet.josz.org\/wp-content\/uploads\/2024\/06\/1-1024x1024.png\" alt=\"\" class=\"wp-image-1467\" srcset=\"https:\/\/intezet.josz.org\/wp-content\/uploads\/2024\/06\/1-1024x1024.png 1024w, https:\/\/intezet.josz.org\/wp-content\/uploads\/2024\/06\/1-300x300.png 300w, https:\/\/intezet.josz.org\/wp-content\/uploads\/2024\/06\/1-150x150.png 150w, https:\/\/intezet.josz.org\/wp-content\/uploads\/2024\/06\/1-768x768.png 768w, https:\/\/intezet.josz.org\/wp-content\/uploads\/2024\/06\/1.png 1250w\" sizes=\"(max-width: 1024px) 100vw, 1024px\" \/><\/a><\/figure>\n\n\n\n<div class=\"wp-block-file\"><a href=\"http:\/\/intezet.josz.org\/wp-content\/uploads\/2024\/06\/Hodula-Mate-A-mesterseges-intelligencia-es-a-buntetojogi-felelosseg.pdf\">Hodula M\u00e1te: A mesterseges intelligencia \u00e9s a b\u00fcntet\u0151jogi felel\u0151ss\u00e9g<\/a><a href=\"http:\/\/intezet.josz.org\/wp-content\/uploads\/2024\/06\/Hodula-Mate-A-mesterseges-intelligencia-es-a-buntetojogi-felelosseg.pdf\" class=\"wp-block-file__button\" download>Let\u00f6lt\u00e9s<\/a><\/div>\n","protected":false},"excerpt":{"rendered":"<p>Rez\u00fcm\u00e9 A mesters\u00e9ges intelligencia \u00e9s a (b\u00fcntet\u0151)jogi felel\u0151ss\u00e9g kapcsolata a k\u00f6zelm\u00falt egyik n\u00e9pszer\u0171 kutat\u00e1si t\u00e9m\u00e1j\u00e1v\u00e1 v\u00e1lt, azonban \u2013 \u00e9pp az egyre b\u0151v\u00fcl\u0151 hazai \u00e9s nemzetk\u00f6zi szakirodalomra, valamint ut\u00f3bbiakban m\u00e1r a nemzetk\u00f6zi jogalkot\u00e1si javaslatokra tekintettel \u2013 elengedhetetlennek tartom a t\u00e9ma r\u00e9szletes \u00e1ttekint\u00e9s\u00e9t. A mesters\u00e9ges intelligenci\u00e1val m\u0171k\u00f6d\u0151 eszk\u00f6z\u00f6k egyre t\u00f6bb \u00e9s t\u00f6bb pontban hat\u00e1rozz\u00e1k meg h\u00e9tk\u00f6znapi \u00e9let\u00fcnket, azonban enn\u00e9lfogva az \u00e1ltaluk okozott [&hellip;]<\/p>\n","protected":false},"author":2,"featured_media":0,"parent":0,"menu_order":0,"comment_status":"closed","ping_status":"closed","template":"","meta":{"_monsterinsights_skip_tracking":false,"_monsterinsights_sitenote_active":false,"_monsterinsights_sitenote_note":"","_monsterinsights_sitenote_category":0},"_links":{"self":[{"href":"https:\/\/intezet.josz.org\/index.php\/wp-json\/wp\/v2\/pages\/1473"}],"collection":[{"href":"https:\/\/intezet.josz.org\/index.php\/wp-json\/wp\/v2\/pages"}],"about":[{"href":"https:\/\/intezet.josz.org\/index.php\/wp-json\/wp\/v2\/types\/page"}],"author":[{"embeddable":true,"href":"https:\/\/intezet.josz.org\/index.php\/wp-json\/wp\/v2\/users\/2"}],"replies":[{"embeddable":true,"href":"https:\/\/intezet.josz.org\/index.php\/wp-json\/wp\/v2\/comments?post=1473"}],"version-history":[{"count":1,"href":"https:\/\/intezet.josz.org\/index.php\/wp-json\/wp\/v2\/pages\/1473\/revisions"}],"predecessor-version":[{"id":1475,"href":"https:\/\/intezet.josz.org\/index.php\/wp-json\/wp\/v2\/pages\/1473\/revisions\/1475"}],"wp:attachment":[{"href":"https:\/\/intezet.josz.org\/index.php\/wp-json\/wp\/v2\/media?parent=1473"}],"curies":[{"name":"wp","href":"https:\/\/api.w.org\/{rel}","templated":true}]}}