{"id":1471,"date":"2024-06-15T16:50:16","date_gmt":"2024-06-15T16:50:16","guid":{"rendered":"http:\/\/intezet.josz.org\/?page_id=1471"},"modified":"2025-08-31T15:40:20","modified_gmt":"2025-08-31T15:40:20","slug":"tanulmanyok-kutatasi-eredmenyek","status":"publish","type":"page","link":"https:\/\/intezet.josz.org\/index.php\/tanulmanyok-kutatasi-eredmenyek\/","title":{"rendered":"Tanulm\u00e1nyok, kutat\u00e1si eredm\u00e9nyek"},"content":{"rendered":"\n<div class=\"wp-block-columns\">\n<div class=\"wp-block-column\">\n<figure class=\"wp-block-image size-large\"><a href=\"https:\/\/intezet.josz.org\/index.php\/hodula-mate-a-mesterseges-intelligencia-es-a-buntetojogi-felelosseg\/\"><img loading=\"lazy\" width=\"1024\" height=\"1024\" src=\"https:\/\/intezet.josz.org\/wp-content\/uploads\/2024\/06\/1-1024x1024.png\" alt=\"\" class=\"wp-image-1467\" srcset=\"https:\/\/intezet.josz.org\/wp-content\/uploads\/2024\/06\/1-1024x1024.png 1024w, https:\/\/intezet.josz.org\/wp-content\/uploads\/2024\/06\/1-300x300.png 300w, https:\/\/intezet.josz.org\/wp-content\/uploads\/2024\/06\/1-150x150.png 150w, https:\/\/intezet.josz.org\/wp-content\/uploads\/2024\/06\/1-768x768.png 768w, https:\/\/intezet.josz.org\/wp-content\/uploads\/2024\/06\/1.png 1250w\" sizes=\"(max-width: 1024px) 100vw, 1024px\" \/><\/a><\/figure>\n\n\n\n<figure class=\"wp-block-image size-large\"><a href=\"https:\/\/intezet.josz.org\/index.php\/szivos-alexander-roland-penzugyi-kultura-a-21-szazadban-es-a-magyar-jogszabalyi-kornyezet-legujabb-kihivasai\/\"><img loading=\"lazy\" width=\"1024\" height=\"1024\" src=\"http:\/\/intezet.josz.org\/wp-content\/uploads\/2024\/06\/3-1024x1024.png\" alt=\"\" class=\"wp-image-1469\" srcset=\"https:\/\/intezet.josz.org\/wp-content\/uploads\/2024\/06\/3-1024x1024.png 1024w, https:\/\/intezet.josz.org\/wp-content\/uploads\/2024\/06\/3-300x300.png 300w, https:\/\/intezet.josz.org\/wp-content\/uploads\/2024\/06\/3-150x150.png 150w, https:\/\/intezet.josz.org\/wp-content\/uploads\/2024\/06\/3-768x768.png 768w, https:\/\/intezet.josz.org\/wp-content\/uploads\/2024\/06\/3.png 1250w\" sizes=\"(max-width: 1024px) 100vw, 1024px\" \/><\/a><\/figure>\n<\/div>\n\n\n\n<div class=\"wp-block-column\">\n<figure class=\"wp-block-image size-large\"><a href=\"a-platform-alapu-munkavegzes-szabalyozasanak-es-megitelesenek-alakulasa-az-elmult-evek-hazai-es-nemzetkozi-biroi-gyakorlatanak-figyelembevetelevel\"><img loading=\"lazy\" width=\"1024\" height=\"1024\" src=\"https:\/\/intezet.josz.org\/wp-content\/uploads\/2025\/08\/JOSz-Intezet-Tanulmanyok-1024x1024.png\" alt=\"\" class=\"wp-image-1948\" srcset=\"https:\/\/intezet.josz.org\/wp-content\/uploads\/2025\/08\/JOSz-Intezet-Tanulmanyok-1024x1024.png 1024w, https:\/\/intezet.josz.org\/wp-content\/uploads\/2025\/08\/JOSz-Intezet-Tanulmanyok-300x300.png 300w, https:\/\/intezet.josz.org\/wp-content\/uploads\/2025\/08\/JOSz-Intezet-Tanulmanyok-150x150.png 150w, https:\/\/intezet.josz.org\/wp-content\/uploads\/2025\/08\/JOSz-Intezet-Tanulmanyok-768x768.png 768w, https:\/\/intezet.josz.org\/wp-content\/uploads\/2025\/08\/JOSz-Intezet-Tanulmanyok.png 1250w\" sizes=\"(max-width: 1024px) 100vw, 1024px\" \/><\/a><\/figure>\n\n\n\n<figure class=\"wp-block-image size-large\"><a href=\"https:\/\/intezet.josz.org\/index.php\/hollos-dominika-a-jogon-tuli-elemek-ervenyesulese-az-alapjogvedelemben\/\"><img loading=\"lazy\" width=\"1024\" height=\"1024\" src=\"https:\/\/intezet.josz.org\/wp-content\/uploads\/2024\/06\/2-1024x1024.png\" alt=\"\" class=\"wp-image-1468\" srcset=\"https:\/\/intezet.josz.org\/wp-content\/uploads\/2024\/06\/2-1024x1024.png 1024w, https:\/\/intezet.josz.org\/wp-content\/uploads\/2024\/06\/2-300x300.png 300w, https:\/\/intezet.josz.org\/wp-content\/uploads\/2024\/06\/2-150x150.png 150w, https:\/\/intezet.josz.org\/wp-content\/uploads\/2024\/06\/2-768x768.png 768w, https:\/\/intezet.josz.org\/wp-content\/uploads\/2024\/06\/2.png 1250w\" sizes=\"(max-width: 1024px) 100vw, 1024px\" \/><\/a><\/figure>\n<\/div>\n<\/div>\n","protected":false},"excerpt":{"rendered":"","protected":false},"author":2,"featured_media":0,"parent":0,"menu_order":0,"comment_status":"closed","ping_status":"closed","template":"","meta":{"_monsterinsights_skip_tracking":false,"_monsterinsights_sitenote_active":false,"_monsterinsights_sitenote_note":"","_monsterinsights_sitenote_category":0},"_links":{"self":[{"href":"https:\/\/intezet.josz.org\/index.php\/wp-json\/wp\/v2\/pages\/1471"}],"collection":[{"href":"https:\/\/intezet.josz.org\/index.php\/wp-json\/wp\/v2\/pages"}],"about":[{"href":"https:\/\/intezet.josz.org\/index.php\/wp-json\/wp\/v2\/types\/page"}],"author":[{"embeddable":true,"href":"https:\/\/intezet.josz.org\/index.php\/wp-json\/wp\/v2\/users\/2"}],"replies":[{"embeddable":true,"href":"https:\/\/intezet.josz.org\/index.php\/wp-json\/wp\/v2\/comments?post=1471"}],"version-history":[{"count":6,"href":"https:\/\/intezet.josz.org\/index.php\/wp-json\/wp\/v2\/pages\/1471\/revisions"}],"predecessor-version":[{"id":1957,"href":"https:\/\/intezet.josz.org\/index.php\/wp-json\/wp\/v2\/pages\/1471\/revisions\/1957"}],"wp:attachment":[{"href":"https:\/\/intezet.josz.org\/index.php\/wp-json\/wp\/v2\/media?parent=1471"}],"curies":[{"name":"wp","href":"https:\/\/api.w.org\/{rel}","templated":true}]}}