{"id":140,"date":"2021-05-23T15:53:36","date_gmt":"2021-05-23T15:53:36","guid":{"rendered":"http:\/\/intezet.josz.org\/?page_id=140"},"modified":"2021-06-15T09:44:34","modified_gmt":"2021-06-15T09:44:34","slug":"osztondijak","status":"publish","type":"page","link":"https:\/\/intezet.josz.org\/index.php\/osztondijak\/","title":{"rendered":"\u00d6szt\u00f6nd\u00edjak"},"content":{"rendered":"\n<p>A J\u00d6Sz Int\u00e9zet elk\u00f6telezett amellett, hogy t\u00e1mogassa a fiatal, tudom\u00e1nyos p\u00e1lya ir\u00e1nt \u00e9rdekl\u0151d\u0151 jog\u00e1szokat. Ezen c\u00e9l el\u00e9r\u00e9s\u00e9nek \u00e9rdek\u00e9ben az Int\u00e9zet 2021. szeptember\u00e9t\u0151l \u00f6szt\u00f6nd\u00edjprogramot sz\u00e1nd\u00e9kozik ind\u00edtani. Az \u00f6szt\u00f6nd\u00edjprogramhoz kapcsol\u00f3d\u00f3 p\u00e1ly\u00e1zati ki\u00edr\u00e1s 2021. nyar\u00e1n ker\u00fcl k\u00f6zz\u00e9t\u00e9telre a J\u00d6Sz Int\u00e9zet honlapj\u00e1n!<\/p>\n","protected":false},"excerpt":{"rendered":"<p>A J\u00d6Sz Int\u00e9zet elk\u00f6telezett amellett, hogy t\u00e1mogassa a fiatal, tudom\u00e1nyos p\u00e1lya ir\u00e1nt \u00e9rdekl\u0151d\u0151 jog\u00e1szokat. Ezen c\u00e9l el\u00e9r\u00e9s\u00e9nek \u00e9rdek\u00e9ben az Int\u00e9zet 2021. szeptember\u00e9t\u0151l \u00f6szt\u00f6nd\u00edjprogramot sz\u00e1nd\u00e9kozik ind\u00edtani. Az \u00f6szt\u00f6nd\u00edjprogramhoz kapcsol\u00f3d\u00f3 p\u00e1ly\u00e1zati ki\u00edr\u00e1s 2021. nyar\u00e1n ker\u00fcl k\u00f6zz\u00e9t\u00e9telre a J\u00d6Sz Int\u00e9zet honlapj\u00e1n!<\/p>\n","protected":false},"author":1,"featured_media":0,"parent":0,"menu_order":0,"comment_status":"closed","ping_status":"closed","template":"","meta":{"_monsterinsights_skip_tracking":false,"_monsterinsights_sitenote_active":false,"_monsterinsights_sitenote_note":"","_monsterinsights_sitenote_category":0},"_links":{"self":[{"href":"https:\/\/intezet.josz.org\/index.php\/wp-json\/wp\/v2\/pages\/140"}],"collection":[{"href":"https:\/\/intezet.josz.org\/index.php\/wp-json\/wp\/v2\/pages"}],"about":[{"href":"https:\/\/intezet.josz.org\/index.php\/wp-json\/wp\/v2\/types\/page"}],"author":[{"embeddable":true,"href":"https:\/\/intezet.josz.org\/index.php\/wp-json\/wp\/v2\/users\/1"}],"replies":[{"embeddable":true,"href":"https:\/\/intezet.josz.org\/index.php\/wp-json\/wp\/v2\/comments?post=140"}],"version-history":[{"count":2,"href":"https:\/\/intezet.josz.org\/index.php\/wp-json\/wp\/v2\/pages\/140\/revisions"}],"predecessor-version":[{"id":195,"href":"https:\/\/intezet.josz.org\/index.php\/wp-json\/wp\/v2\/pages\/140\/revisions\/195"}],"wp:attachment":[{"href":"https:\/\/intezet.josz.org\/index.php\/wp-json\/wp\/v2\/media?parent=140"}],"curies":[{"name":"wp","href":"https:\/\/api.w.org\/{rel}","templated":true}]}}