{"id":129,"date":"2021-05-23T15:44:25","date_gmt":"2021-05-23T15:44:25","guid":{"rendered":"http:\/\/intezet.josz.org\/?page_id=129"},"modified":"2021-10-27T17:18:11","modified_gmt":"2021-10-27T17:18:11","slug":"kutatas","status":"publish","type":"page","link":"https:\/\/intezet.josz.org\/index.php\/kutatas\/","title":{"rendered":"Kutat\u00e1s"},"content":{"rendered":"\n<h4><strong>Versenyjogi Kutat\u00f3csapat<\/strong><\/h4>\n\n\n\n<p>A digit\u00e1lis piacok adatv\u00e9delmi-versenyjogi megk\u00f6zel\u00edt\u00e9s\u00e9nek kih\u00edv\u00e1sai \u00e9s lehet\u0151s\u00e9gei Magyarorsz\u00e1gon.<\/p>\n\n\n\n<p>A versenyjogi kutat\u00f3csoport k\u00e9t tanulm\u00e1ny meg\u00edr\u00e1s\u00e1t t\u0171zte ki c\u00e9lul. Az els\u0151 tanulm\u00e1ny t\u00e9mak\u00f6re az Eur\u00f3pai Bizotts\u00e1g \u00e1ltal 2020. december\u00e9ben el\u0151terjesztett Digital Markets Act (DMA) hat\u00e1sainak \u00e9s jogtechnikai megold\u00e1sainak vizsg\u00e1lata, a digit\u00e1lis platformokra n\u00e9zve k\u00f6telezetts\u00e9get meg\u00e1llap\u00edt\u00f3 rendelkez\u00e9sek \u00e9rt\u00e9kel\u00e9se az uni\u00f3s versenyjog alapj\u00e1n. A tanulm\u00e1ny kisebb r\u00e9szben, de \u00e9rinti a DMA-val kapcsolatos jogalkalmaz\u00e1si vit\u00e1kat is. A m\u00e1sodik tanulm\u00e1ny az adatv\u00e9delem \u00e9s a versenyjog kapcsolat\u00e1t helyezi f\u00f3kuszba a digit\u00e1lis piacokon, figyelembe v\u00e9ve a jogi megk\u00f6zel\u00edt\u00e9s eredm\u00e9nyeit \u00e9s a k\u00fcl\u00f6nb\u00f6z\u0151 gazdas\u00e1gtudom\u00e1nyi elm\u00e9letek \u00e1ltal azonos\u00edtott k\u00e9rd\u00e9seket, mint p\u00e9ld\u00e1ul a viselked\u00e9s-gazdas\u00e1gi szempontokat, a k\u00e1relm\u00e9leteket vagy a szigor\u00fa adatv\u00e9delmi szab\u00e1lyok esetlegesen piackorl\u00e1toz\u00f3 hat\u00e1s\u00e1t. A vizsg\u00e1lat ezen t\u00fal kiterjed a versenyhat\u00f3s\u00e1g \u00e9s az adatv\u00e9delmi hat\u00f3s\u00e1g k\u00f6z\u00f6tti egy\u00fcttm\u0171k\u00f6d\u00e9si lehet\u0151s\u00e9gekre, azok el\u0151nyeire, korl\u00e1taira \u00e9s indokolts\u00e1g\u00e1ra, gyakorlat\u00e1ra k\u00fcl\u00f6nb\u00f6z\u0151 orsz\u00e1gokban. A kutat\u00e1s sor\u00e1n megvizsg\u00e1l\u00e1sra ker\u00fclnek kapcsol\u00f3d\u00f3 fogyaszt\u00f3v\u00e9delmi k\u00e9rd\u00e9sek is, t\u00f6bbek k\u00f6z\u00f6tt a fogyaszt\u00f3v\u00e9delem c\u00e9ljainak \u00e9s eszk\u00f6zeinek elemz\u00e9se a versenyjogi \u00e9s adatv\u00e9delmi beavatkoz\u00e1shoz viszony\u00edtva.<\/p>\n\n\n\n<h4><strong>Eur\u00f3pai Uni\u00f3s Jogi Kutat\u00f3csapat<\/strong><\/h4>\n","protected":false},"excerpt":{"rendered":"<p>Versenyjogi Kutat\u00f3csapat A digit\u00e1lis piacok adatv\u00e9delmi-versenyjogi megk\u00f6zel\u00edt\u00e9s\u00e9nek kih\u00edv\u00e1sai \u00e9s lehet\u0151s\u00e9gei Magyarorsz\u00e1gon. A versenyjogi kutat\u00f3csoport k\u00e9t tanulm\u00e1ny meg\u00edr\u00e1s\u00e1t t\u0171zte ki c\u00e9lul. Az els\u0151 tanulm\u00e1ny t\u00e9mak\u00f6re az Eur\u00f3pai Bizotts\u00e1g \u00e1ltal 2020. december\u00e9ben el\u0151terjesztett Digital Markets Act (DMA) hat\u00e1sainak \u00e9s jogtechnikai megold\u00e1sainak vizsg\u00e1lata, a digit\u00e1lis platformokra n\u00e9zve k\u00f6telezetts\u00e9get meg\u00e1llap\u00edt\u00f3 rendelkez\u00e9sek \u00e9rt\u00e9kel\u00e9se az uni\u00f3s versenyjog alapj\u00e1n. A tanulm\u00e1ny kisebb r\u00e9szben, de \u00e9rinti a DMA-val [&hellip;]<\/p>\n","protected":false},"author":1,"featured_media":0,"parent":0,"menu_order":0,"comment_status":"closed","ping_status":"closed","template":"page-templates\/full-width-container.php","meta":{"_monsterinsights_skip_tracking":false,"_monsterinsights_sitenote_active":false,"_monsterinsights_sitenote_note":"","_monsterinsights_sitenote_category":0},"_links":{"self":[{"href":"https:\/\/intezet.josz.org\/index.php\/wp-json\/wp\/v2\/pages\/129"}],"collection":[{"href":"https:\/\/intezet.josz.org\/index.php\/wp-json\/wp\/v2\/pages"}],"about":[{"href":"https:\/\/intezet.josz.org\/index.php\/wp-json\/wp\/v2\/types\/page"}],"author":[{"embeddable":true,"href":"https:\/\/intezet.josz.org\/index.php\/wp-json\/wp\/v2\/users\/1"}],"replies":[{"embeddable":true,"href":"https:\/\/intezet.josz.org\/index.php\/wp-json\/wp\/v2\/comments?post=129"}],"version-history":[{"count":6,"href":"https:\/\/intezet.josz.org\/index.php\/wp-json\/wp\/v2\/pages\/129\/revisions"}],"predecessor-version":[{"id":283,"href":"https:\/\/intezet.josz.org\/index.php\/wp-json\/wp\/v2\/pages\/129\/revisions\/283"}],"wp:attachment":[{"href":"https:\/\/intezet.josz.org\/index.php\/wp-json\/wp\/v2\/media?parent=129"}],"curies":[{"name":"wp","href":"https:\/\/api.w.org\/{rel}","templated":true}]}}