{"id":1153,"date":"2023-07-01T10:52:38","date_gmt":"2023-07-01T10:52:38","guid":{"rendered":"http:\/\/intezet.josz.org\/?page_id=1153"},"modified":"2023-08-24T09:13:21","modified_gmt":"2023-08-24T09:13:21","slug":"josz-jogtudomanyi-szemle-2023-1","status":"publish","type":"page","link":"https:\/\/intezet.josz.org\/index.php\/josz-jogtudomanyi-szemle-2023-1\/","title":{"rendered":"J\u00d6Sz Jogtudom\u00e1nyi Szemle 2023\/1."},"content":{"rendered":"\n<div class=\"wp-block-columns\">\n<div class=\"wp-block-column\">\n<figure class=\"wp-block-image size-large\"><a href=\"http:\/\/intezet.josz.org\/wp-content\/uploads\/2023\/08\/JOSz-Jogtudomanyi-Szemel-20231-NYOMDAI-VALTOZAT.pdf\"><img loading=\"lazy\" width=\"724\" height=\"1024\" src=\"http:\/\/intezet.josz.org\/wp-content\/uploads\/2023\/07\/JOSz-Jogtudomanyi-Szemle-2023-1-724x1024.jpg\" alt=\"\" class=\"wp-image-1156\" srcset=\"https:\/\/intezet.josz.org\/wp-content\/uploads\/2023\/07\/JOSz-Jogtudomanyi-Szemle-2023-1-724x1024.jpg 724w, https:\/\/intezet.josz.org\/wp-content\/uploads\/2023\/07\/JOSz-Jogtudomanyi-Szemle-2023-1-212x300.jpg 212w, https:\/\/intezet.josz.org\/wp-content\/uploads\/2023\/07\/JOSz-Jogtudomanyi-Szemle-2023-1-768x1086.jpg 768w, https:\/\/intezet.josz.org\/wp-content\/uploads\/2023\/07\/JOSz-Jogtudomanyi-Szemle-2023-1-1086x1536.jpg 1086w, https:\/\/intezet.josz.org\/wp-content\/uploads\/2023\/07\/JOSz-Jogtudomanyi-Szemle-2023-1-1448x2048.jpg 1448w, https:\/\/intezet.josz.org\/wp-content\/uploads\/2023\/07\/JOSz-Jogtudomanyi-Szemle-2023-1.jpg 1653w\" sizes=\"(max-width: 724px) 100vw, 724px\" \/><\/a><\/figure>\n<\/div>\n\n\n\n<div class=\"wp-block-column\">\n<p><strong><a href=\"http:\/\/intezet.josz.org\/wp-content\/uploads\/2023\/08\/JOSz-Jogtudomanyi-Szemel-20231-NYOMDAI-VALTOZAT.pdf\">J\u00d6Sz Jogtudom\u00e1nyi Szemle 2022\/2.<\/a><\/strong><\/p>\n\n\n\n<ul><li><strong>Bodr\u00e1cs B\u00e1lint, Koll\u00e1th Mih\u00e1ly G\u00e1bor:<\/strong> F\u0151szerkeszt\u0151i k\u00f6sz\u00f6nt\u0151<\/li><li><strong><strong>Koll\u00e1th Mih\u00e1ly G\u00e1bor:&nbsp;<\/strong><\/strong>&nbsp;A mesters\u00e9ges intelligencia megjelen\u00e9s\u00e9nek hat\u00e1sa az ember \u2013 \u00e9s szem\u00e9lyis\u00e9gfogalmunkra<\/li><li><strong>M\u00e1r Benedek: <\/strong>A nemzeteken \u00e1t\u00edvel\u0151 kereskedelemi jog \u00e9s v\u00e1lasztottb\u00edr\u00e1skod\u00e1s bemutat\u00e1sa<\/li><li><strong>N\u00e9meth Don\u00e1t: <\/strong>A digit\u00e1lis platformok a versenyjog \u00e9s a fogyaszt\u00f3v\u00e9delmi jog mezsgy\u00e9j\u00e9n II.<\/li><li><strong>T\u00e1rb\u00e1ly Barbara: <\/strong>Fenntarthat\u00f3s\u00e1g \u00e9s versenyjog<\/li><li><strong>P\u00e1kh Lilla &#8211; Vir\u00e1nyi P\u00e9ter: <\/strong>Besz\u00e1mol\u00f3 az Eur\u00f3pai Bizotts\u00e1g Jogi Szolg\u00e1lat\u00e1nak Els\u0151 \u00c9ves Konferenci\u00e1j\u00e1r\u00f3l<\/li><\/ul>\n<\/div>\n<\/div>\n","protected":false},"excerpt":{"rendered":"<p>J\u00d6Sz Jogtudom\u00e1nyi Szemle 2022\/2. Bodr\u00e1cs B\u00e1lint, Koll\u00e1th Mih\u00e1ly G\u00e1bor: F\u0151szerkeszt\u0151i k\u00f6sz\u00f6nt\u0151 Koll\u00e1th Mih\u00e1ly G\u00e1bor:&nbsp;&nbsp;A mesters\u00e9ges intelligencia megjelen\u00e9s\u00e9nek hat\u00e1sa az ember \u2013 \u00e9s szem\u00e9lyis\u00e9gfogalmunkra M\u00e1r Benedek: A nemzeteken \u00e1t\u00edvel\u0151 kereskedelemi jog \u00e9s v\u00e1lasztottb\u00edr\u00e1skod\u00e1s bemutat\u00e1sa N\u00e9meth Don\u00e1t: A digit\u00e1lis platformok a versenyjog \u00e9s a fogyaszt\u00f3v\u00e9delmi jog mezsgy\u00e9j\u00e9n II. T\u00e1rb\u00e1ly Barbara: Fenntarthat\u00f3s\u00e1g \u00e9s versenyjog P\u00e1kh Lilla &#8211; Vir\u00e1nyi P\u00e9ter: Besz\u00e1mol\u00f3 az Eur\u00f3pai Bizotts\u00e1g [&hellip;]<\/p>\n","protected":false},"author":2,"featured_media":0,"parent":0,"menu_order":0,"comment_status":"closed","ping_status":"closed","template":"","meta":{"_monsterinsights_skip_tracking":false,"_monsterinsights_sitenote_active":false,"_monsterinsights_sitenote_note":"","_monsterinsights_sitenote_category":0},"_links":{"self":[{"href":"https:\/\/intezet.josz.org\/index.php\/wp-json\/wp\/v2\/pages\/1153"}],"collection":[{"href":"https:\/\/intezet.josz.org\/index.php\/wp-json\/wp\/v2\/pages"}],"about":[{"href":"https:\/\/intezet.josz.org\/index.php\/wp-json\/wp\/v2\/types\/page"}],"author":[{"embeddable":true,"href":"https:\/\/intezet.josz.org\/index.php\/wp-json\/wp\/v2\/users\/2"}],"replies":[{"embeddable":true,"href":"https:\/\/intezet.josz.org\/index.php\/wp-json\/wp\/v2\/comments?post=1153"}],"version-history":[{"count":4,"href":"https:\/\/intezet.josz.org\/index.php\/wp-json\/wp\/v2\/pages\/1153\/revisions"}],"predecessor-version":[{"id":1250,"href":"https:\/\/intezet.josz.org\/index.php\/wp-json\/wp\/v2\/pages\/1153\/revisions\/1250"}],"wp:attachment":[{"href":"https:\/\/intezet.josz.org\/index.php\/wp-json\/wp\/v2\/media?parent=1153"}],"curies":[{"name":"wp","href":"https:\/\/api.w.org\/{rel}","templated":true}]}}