{"id":1150,"date":"2023-07-01T09:35:37","date_gmt":"2023-07-01T09:35:37","guid":{"rendered":"http:\/\/intezet.josz.org\/?page_id=1150"},"modified":"2025-10-11T15:39:00","modified_gmt":"2025-10-11T15:39:00","slug":"josz-jogtudomanyi-szemle-2022-2","status":"publish","type":"page","link":"https:\/\/intezet.josz.org\/index.php\/josz-jogtudomanyi-szemle-2022-2\/","title":{"rendered":"J\u00d6Sz Jogtudom\u00e1nyi Szemle 2022\/2."},"content":{"rendered":"\n<div class=\"wp-block-columns\">\n<div class=\"wp-block-column\">\n<figure class=\"wp-block-image size-large\"><a href=\"http:\/\/intezet.josz.org\/wp-content\/uploads\/2025\/10\/JOSz-Jogtudomanyi-Szemel-20222-ONLINE-1.pdf\"><img loading=\"lazy\" width=\"724\" height=\"1024\" src=\"http:\/\/intezet.josz.org\/wp-content\/uploads\/2023\/07\/JOSz-Jogtudomanyi-Szemle-2022-2-724x1024.jpg\" alt=\"\" class=\"wp-image-1151\" srcset=\"https:\/\/intezet.josz.org\/wp-content\/uploads\/2023\/07\/JOSz-Jogtudomanyi-Szemle-2022-2-724x1024.jpg 724w, https:\/\/intezet.josz.org\/wp-content\/uploads\/2023\/07\/JOSz-Jogtudomanyi-Szemle-2022-2-212x300.jpg 212w, https:\/\/intezet.josz.org\/wp-content\/uploads\/2023\/07\/JOSz-Jogtudomanyi-Szemle-2022-2-768x1086.jpg 768w, https:\/\/intezet.josz.org\/wp-content\/uploads\/2023\/07\/JOSz-Jogtudomanyi-Szemle-2022-2-1086x1536.jpg 1086w, https:\/\/intezet.josz.org\/wp-content\/uploads\/2023\/07\/JOSz-Jogtudomanyi-Szemle-2022-2-1448x2048.jpg 1448w, https:\/\/intezet.josz.org\/wp-content\/uploads\/2023\/07\/JOSz-Jogtudomanyi-Szemle-2022-2.jpg 1653w\" sizes=\"(max-width: 724px) 100vw, 724px\" \/><\/a><\/figure>\n<\/div>\n\n\n\n<div class=\"wp-block-column\">\n<p><strong><a href=\"http:\/\/intezet.josz.org\/wp-content\/uploads\/2025\/10\/JOSz-Jogtudomanyi-Szemel-20222-ONLINE-1.pdf\">J\u00d6Sz Jogtudom\u00e1nyi Szemle 2022\/2.<\/a><\/strong><\/p>\n\n\n\n<ul><li><strong>Bodr\u00e1cs B\u00e1lint, Koll\u00e1th Mih\u00e1ly G\u00e1bor:<\/strong> F\u0151szerkeszt\u0151i k\u00f6sz\u00f6nt\u0151<\/li><li><strong>N\u00e9meth Dol\u00f3resz: <\/strong>M\u00e9dia \u00e9s b\u00fcntet\u0151elj\u00e1r\u00e1s, avagy a kett\u0151 k\u00f6lcs\u00f6nhat\u00e1sa<\/li><li><strong>N\u00e9meth Don\u00e1t <\/strong>A digit\u00e1lis platformok a versenyjog \u00e9s a fogyaszt\u00f3v\u00e9delmi jog mezsgy\u00e9j\u00e9n I.<\/li><li><strong>Polacsek Zsuzsanna: <\/strong>A kapcsolati er\u0151szak \u00f6n\u00e1ll\u00f3 t\u00e9ny\u00e1ll\u00e1ss\u00e1 v\u00e1l\u00e1sa, egyes dogmatikai k\u00e9rd\u00e9sei \u00e9s a szab\u00e1lyoz\u00e1s lehets\u00e9ges j\u00f6v\u0151je<\/li><\/ul>\n\n\n\n<p><\/p>\n<\/div>\n<\/div>\n","protected":false},"excerpt":{"rendered":"<p>J\u00d6Sz Jogtudom\u00e1nyi Szemle 2022\/2. Bodr\u00e1cs B\u00e1lint, Koll\u00e1th Mih\u00e1ly G\u00e1bor: F\u0151szerkeszt\u0151i k\u00f6sz\u00f6nt\u0151 N\u00e9meth Dol\u00f3resz: M\u00e9dia \u00e9s b\u00fcntet\u0151elj\u00e1r\u00e1s, avagy a kett\u0151 k\u00f6lcs\u00f6nhat\u00e1sa N\u00e9meth Don\u00e1t A digit\u00e1lis platformok a versenyjog \u00e9s a fogyaszt\u00f3v\u00e9delmi jog mezsgy\u00e9j\u00e9n I. Polacsek Zsuzsanna: A kapcsolati er\u0151szak \u00f6n\u00e1ll\u00f3 t\u00e9ny\u00e1ll\u00e1ss\u00e1 v\u00e1l\u00e1sa, egyes dogmatikai k\u00e9rd\u00e9sei \u00e9s a szab\u00e1lyoz\u00e1s lehets\u00e9ges j\u00f6v\u0151je<\/p>\n","protected":false},"author":2,"featured_media":0,"parent":0,"menu_order":0,"comment_status":"closed","ping_status":"closed","template":"","meta":{"_monsterinsights_skip_tracking":false,"_monsterinsights_sitenote_active":false,"_monsterinsights_sitenote_note":"","_monsterinsights_sitenote_category":0},"_links":{"self":[{"href":"https:\/\/intezet.josz.org\/index.php\/wp-json\/wp\/v2\/pages\/1150"}],"collection":[{"href":"https:\/\/intezet.josz.org\/index.php\/wp-json\/wp\/v2\/pages"}],"about":[{"href":"https:\/\/intezet.josz.org\/index.php\/wp-json\/wp\/v2\/types\/page"}],"author":[{"embeddable":true,"href":"https:\/\/intezet.josz.org\/index.php\/wp-json\/wp\/v2\/users\/2"}],"replies":[{"embeddable":true,"href":"https:\/\/intezet.josz.org\/index.php\/wp-json\/wp\/v2\/comments?post=1150"}],"version-history":[{"count":2,"href":"https:\/\/intezet.josz.org\/index.php\/wp-json\/wp\/v2\/pages\/1150\/revisions"}],"predecessor-version":[{"id":1993,"href":"https:\/\/intezet.josz.org\/index.php\/wp-json\/wp\/v2\/pages\/1150\/revisions\/1993"}],"wp:attachment":[{"href":"https:\/\/intezet.josz.org\/index.php\/wp-json\/wp\/v2\/media?parent=1150"}],"curies":[{"name":"wp","href":"https:\/\/api.w.org\/{rel}","templated":true}]}}