{"id":1141,"date":"2023-07-01T09:27:56","date_gmt":"2023-07-01T09:27:56","guid":{"rendered":"http:\/\/intezet.josz.org\/?page_id=1141"},"modified":"2023-07-01T09:27:56","modified_gmt":"2023-07-01T09:27:56","slug":"josz-jogtudomanyi-szemle-2022-1","status":"publish","type":"page","link":"https:\/\/intezet.josz.org\/index.php\/josz-jogtudomanyi-szemle-2022-1\/","title":{"rendered":"J\u00d6Sz Jogtudom\u00e1nyi Szemle 2022\/1."},"content":{"rendered":"\n<div class=\"wp-block-columns\">\n<div class=\"wp-block-column\">\n<figure class=\"wp-block-image size-large\"><img loading=\"lazy\" width=\"724\" height=\"1024\" src=\"http:\/\/intezet.josz.org\/wp-content\/uploads\/2023\/07\/JOSz-Jogtudomanyi-Szemle-2022-1-724x1024.jpg\" alt=\"\" class=\"wp-image-1142\" srcset=\"https:\/\/intezet.josz.org\/wp-content\/uploads\/2023\/07\/JOSz-Jogtudomanyi-Szemle-2022-1-724x1024.jpg 724w, https:\/\/intezet.josz.org\/wp-content\/uploads\/2023\/07\/JOSz-Jogtudomanyi-Szemle-2022-1-212x300.jpg 212w, https:\/\/intezet.josz.org\/wp-content\/uploads\/2023\/07\/JOSz-Jogtudomanyi-Szemle-2022-1-768x1086.jpg 768w, https:\/\/intezet.josz.org\/wp-content\/uploads\/2023\/07\/JOSz-Jogtudomanyi-Szemle-2022-1-1086x1536.jpg 1086w, https:\/\/intezet.josz.org\/wp-content\/uploads\/2023\/07\/JOSz-Jogtudomanyi-Szemle-2022-1-1448x2048.jpg 1448w, https:\/\/intezet.josz.org\/wp-content\/uploads\/2023\/07\/JOSz-Jogtudomanyi-Szemle-2022-1.jpg 1653w\" sizes=\"(max-width: 724px) 100vw, 724px\" \/><\/figure>\n<\/div>\n\n\n\n<div class=\"wp-block-column\">\n<p><strong><a href=\"http:\/\/intezet.josz.org\/wp-content\/uploads\/2023\/07\/JOSz-Jogtudomanyi-Szemel-20221-HARMADIK-VALTOZAT.pdf\">J\u00d6Sz Jogtudom\u00e1nyi Szemle 2022\/1.<\/a><\/strong><\/p>\n\n\n\n<ul><li><strong>Bodr\u00e1cs B\u00e1lint, Koll\u00e1th Mih\u00e1ly G\u00e1bor:<\/strong> F\u0151szerkeszt\u0151i k\u00f6sz\u00f6nt\u0151<\/li><li><strong>Kiss B\u00e1lint Bence: <\/strong>A modern miniszeri \u00e9s \u00e1llamf\u0151i felel\u0151ss\u00e9g gy\u00f6kerei a 19. sz\u00e1zadi Magyarorsz\u00e1gon<\/li><li><strong>Oszl\u00e1nszky M\u00e1rk\u00f3: <\/strong>Jogtudat\u00e9rtelmez\u00e9s speci\u00e1lis gyermekotthonban \u00e9l\u0151 fiatalkor\u00faak k\u00f6r\u00e9ben \u2013 Ignorancia Iuris Non Excusat?<\/li><li><strong>Szepessy Marcell: <\/strong>Szerelemben \u00e9s h\u00e1bor\u00faban t\u00e9nyleg mindent szabad? Tiltott- hadvisel\u00e9si m\u00f3dok szab\u00e1lyoz\u00e1s\u00e1nak fejl\u0151d\u00e9se a nemzetk\u00f6zi jogban<\/li><li><strong>Szili Andr\u00e1s: <\/strong>A viselked\u00e9si k\u00f6zgazdas\u00e1gtan \u00e9s a szerz\u0151d\u00e9si jog kapcsolata<\/li><li><strong>T\u00f3th J\u00e1nos: <\/strong>A szurkol\u00e1s szabads\u00e1ga, avagy az MLSZ ellen alkalmazott fegyelmi szankci\u00f3kkal kapcsolatos egyes alapjogi \u00e9s felel\u0151ss\u00e9gi k\u00e9rd\u00e9sek a 2020-as labdar\u00fag\u00f3 Eur\u00f3pa bajnoks\u00e1g viszonylat\u00e1ban<\/li><\/ul>\n\n\n\n<p><\/p>\n<\/div>\n<\/div>\n","protected":false},"excerpt":{"rendered":"<p>J\u00d6Sz Jogtudom\u00e1nyi Szemle 2022\/1. Bodr\u00e1cs B\u00e1lint, Koll\u00e1th Mih\u00e1ly G\u00e1bor: F\u0151szerkeszt\u0151i k\u00f6sz\u00f6nt\u0151 Kiss B\u00e1lint Bence: A modern miniszeri \u00e9s \u00e1llamf\u0151i felel\u0151ss\u00e9g gy\u00f6kerei a 19. sz\u00e1zadi Magyarorsz\u00e1gon Oszl\u00e1nszky M\u00e1rk\u00f3: Jogtudat\u00e9rtelmez\u00e9s speci\u00e1lis gyermekotthonban \u00e9l\u0151 fiatalkor\u00faak k\u00f6r\u00e9ben \u2013 Ignorancia Iuris Non Excusat? Szepessy Marcell: Szerelemben \u00e9s h\u00e1bor\u00faban t\u00e9nyleg mindent szabad? Tiltott- hadvisel\u00e9si m\u00f3dok szab\u00e1lyoz\u00e1s\u00e1nak fejl\u0151d\u00e9se a nemzetk\u00f6zi jogban Szili Andr\u00e1s: A viselked\u00e9si k\u00f6zgazdas\u00e1gtan \u00e9s [&hellip;]<\/p>\n","protected":false},"author":2,"featured_media":0,"parent":0,"menu_order":0,"comment_status":"closed","ping_status":"closed","template":"","meta":{"_monsterinsights_skip_tracking":false,"_monsterinsights_sitenote_active":false,"_monsterinsights_sitenote_note":"","_monsterinsights_sitenote_category":0},"_links":{"self":[{"href":"https:\/\/intezet.josz.org\/index.php\/wp-json\/wp\/v2\/pages\/1141"}],"collection":[{"href":"https:\/\/intezet.josz.org\/index.php\/wp-json\/wp\/v2\/pages"}],"about":[{"href":"https:\/\/intezet.josz.org\/index.php\/wp-json\/wp\/v2\/types\/page"}],"author":[{"embeddable":true,"href":"https:\/\/intezet.josz.org\/index.php\/wp-json\/wp\/v2\/users\/2"}],"replies":[{"embeddable":true,"href":"https:\/\/intezet.josz.org\/index.php\/wp-json\/wp\/v2\/comments?post=1141"}],"version-history":[{"count":1,"href":"https:\/\/intezet.josz.org\/index.php\/wp-json\/wp\/v2\/pages\/1141\/revisions"}],"predecessor-version":[{"id":1144,"href":"https:\/\/intezet.josz.org\/index.php\/wp-json\/wp\/v2\/pages\/1141\/revisions\/1144"}],"wp:attachment":[{"href":"https:\/\/intezet.josz.org\/index.php\/wp-json\/wp\/v2\/media?parent=1141"}],"curies":[{"name":"wp","href":"https:\/\/api.w.org\/{rel}","templated":true}]}}