{"id":1139,"date":"2023-07-01T08:23:30","date_gmt":"2023-07-01T08:23:30","guid":{"rendered":"http:\/\/intezet.josz.org\/?page_id=1139"},"modified":"2023-07-01T09:28:48","modified_gmt":"2023-07-01T09:28:48","slug":"josz-jogtudomanyi-szemle-2021-2","status":"publish","type":"page","link":"https:\/\/intezet.josz.org\/index.php\/josz-jogtudomanyi-szemle-2021-2\/","title":{"rendered":"J\u00d6Sz Jogtudom\u00e1nyi Szemle 2021\/2."},"content":{"rendered":"\n<p><\/p>\n\n\n\n<div class=\"wp-block-columns\">\n<div class=\"wp-block-column\">\n<figure class=\"wp-block-image size-large is-resized\"><img loading=\"lazy\" src=\"http:\/\/alapitvany.josz.org\/wp-content\/uploads\/2023\/01\/Jogtudomanyi-szemle-20211-fedlap.jpg\" alt=\"\" class=\"wp-image-1644\" width=\"724\" height=\"1024\"\/><\/figure>\n<\/div>\n\n\n\n<div class=\"wp-block-column\">\n<p><strong><a href=\"http:\/\/alapitvany.josz.org\/wp-content\/uploads\/2023\/01\/JOSz-Jogtudomanyi-Szemle-Nyomdai-valtozat.pdf\">J\u00d6Sz Jogtudom\u00e1nyi Szemle 2021\/2.<\/a><\/strong><\/p>\n\n\n\n<ul><li><strong>Bodr\u00e1cs B\u00e1lint, Koll\u00e1th Mih\u00e1ly G\u00e1bor:<\/strong> F\u0151szerkeszt\u0151i k\u00f6sz\u00f6nt\u0151<\/li><li><strong>Ac\u00e9lv\u00e1ri Ruben Dominik: <\/strong>Szabads\u00e1g \u00e9s k\u00f6z\u00e9rdek \u2013 a tulajdonhoz val\u00f3 jog megjelen\u00e9se a magyar Alkotm\u00e1nyb\u00edr\u00f3s\u00e1g \u00e9s az Emberi Jogok Eur\u00f3pai B\u00edr\u00f3s\u00e1g\u00e1nak joggyakorlat\u00e1ban<\/li><li><strong>Bajn\u00f3czi Andr\u00e1s P\u00e9ter: <\/strong>A szerkezet\u00e1talak\u00edt\u00e1s egyes k\u00e9rd\u00e9sei az Eur\u00f3pai Parlament \u00e9s a Tan\u00e1cs (EU) 2019\/1023 ir\u00e1nyelv\u00e9re, valamint a szerkezet\u00e1talak\u00edt\u00e1sr\u00f3l \u00e9s egyes t\u00f6rv\u00e9nyek jogharmoniz\u00e1ci\u00f3s c\u00e9l\u00fa m\u00f3dos\u00edt\u00e1s\u00e1r\u00f3l sz\u00f3l\u00f3 2021. \u00e9vi LXIV. t\u00f6rv\u00e9nyre tekintettel<\/li><li><strong>Mercsek Dorottya Ilona: <\/strong>A FinTech hat\u00e1sa a fizet\u00e9si m\u00f3dokra<\/li><\/ul>\n\n\n\n<p><\/p>\n<\/div>\n<\/div>\n","protected":false},"excerpt":{"rendered":"<p>J\u00d6Sz Jogtudom\u00e1nyi Szemle 2021\/2. Bodr\u00e1cs B\u00e1lint, Koll\u00e1th Mih\u00e1ly G\u00e1bor: F\u0151szerkeszt\u0151i k\u00f6sz\u00f6nt\u0151 Ac\u00e9lv\u00e1ri Ruben Dominik: Szabads\u00e1g \u00e9s k\u00f6z\u00e9rdek \u2013 a tulajdonhoz val\u00f3 jog megjelen\u00e9se a magyar Alkotm\u00e1nyb\u00edr\u00f3s\u00e1g \u00e9s az Emberi Jogok Eur\u00f3pai B\u00edr\u00f3s\u00e1g\u00e1nak joggyakorlat\u00e1ban Bajn\u00f3czi Andr\u00e1s P\u00e9ter: A szerkezet\u00e1talak\u00edt\u00e1s egyes k\u00e9rd\u00e9sei az Eur\u00f3pai Parlament \u00e9s a Tan\u00e1cs (EU) 2019\/1023 ir\u00e1nyelv\u00e9re, valamint a szerkezet\u00e1talak\u00edt\u00e1sr\u00f3l \u00e9s egyes t\u00f6rv\u00e9nyek jogharmoniz\u00e1ci\u00f3s c\u00e9l\u00fa m\u00f3dos\u00edt\u00e1s\u00e1r\u00f3l sz\u00f3l\u00f3 2021. [&hellip;]<\/p>\n","protected":false},"author":2,"featured_media":0,"parent":0,"menu_order":0,"comment_status":"closed","ping_status":"closed","template":"","meta":{"_monsterinsights_skip_tracking":false,"_monsterinsights_sitenote_active":false,"_monsterinsights_sitenote_note":"","_monsterinsights_sitenote_category":0},"_links":{"self":[{"href":"https:\/\/intezet.josz.org\/index.php\/wp-json\/wp\/v2\/pages\/1139"}],"collection":[{"href":"https:\/\/intezet.josz.org\/index.php\/wp-json\/wp\/v2\/pages"}],"about":[{"href":"https:\/\/intezet.josz.org\/index.php\/wp-json\/wp\/v2\/types\/page"}],"author":[{"embeddable":true,"href":"https:\/\/intezet.josz.org\/index.php\/wp-json\/wp\/v2\/users\/2"}],"replies":[{"embeddable":true,"href":"https:\/\/intezet.josz.org\/index.php\/wp-json\/wp\/v2\/comments?post=1139"}],"version-history":[{"count":2,"href":"https:\/\/intezet.josz.org\/index.php\/wp-json\/wp\/v2\/pages\/1139\/revisions"}],"predecessor-version":[{"id":1146,"href":"https:\/\/intezet.josz.org\/index.php\/wp-json\/wp\/v2\/pages\/1139\/revisions\/1146"}],"wp:attachment":[{"href":"https:\/\/intezet.josz.org\/index.php\/wp-json\/wp\/v2\/media?parent=1139"}],"curies":[{"name":"wp","href":"https:\/\/api.w.org\/{rel}","templated":true}]}}