{"id":1132,"date":"2023-07-01T08:17:45","date_gmt":"2023-07-01T08:17:45","guid":{"rendered":"http:\/\/intezet.josz.org\/?page_id=1132"},"modified":"2023-07-01T09:30:39","modified_gmt":"2023-07-01T09:30:39","slug":"josz-jogtudomanyi-szemle-2020-1","status":"publish","type":"page","link":"https:\/\/intezet.josz.org\/index.php\/josz-jogtudomanyi-szemle-2020-1\/","title":{"rendered":"J\u00d6Sz Jogtudom\u00e1nyi Szemle 2020\/1."},"content":{"rendered":"\n<p><\/p>\n\n\n\n<div class=\"wp-block-columns\">\n<div class=\"wp-block-column\">\n<figure class=\"wp-block-image size-large is-resized\"><a href=\"http:\/\/alapitvany.josz.org\/wp-content\/uploads\/2020\/12\/J\u00d6Sz-Jogtudom\u00e1nyi-Szemle-2020-1-HONLAPRA.pdf\"><img loading=\"lazy\" src=\"http:\/\/alapitvany.josz.org\/wp-content\/uploads\/2020\/10\/Untitled.jpg\" alt=\"\" class=\"wp-image-99\" width=\"724\" height=\"1024\"\/><\/a><\/figure>\n<\/div>\n\n\n\n<div class=\"wp-block-column\">\n<p><\/p>\n\n\n\n<p><strong><a href=\"http:\/\/alapitvany.josz.org\/wp-content\/uploads\/2020\/12\/J\u00d6Sz-Jogtudom\u00e1nyi-Szemle-2020-1-HONLAPRA.pdf\">J\u00d6Sz Jogtudom\u00e1nyi Szemle 2020\/1.<\/a><\/strong><\/p>\n\n\n\n<ul><li><strong>Nagy D\u00e1niel:<\/strong> Kiad\u00f3i k\u00f6sz\u00f6nt\u0151<\/li><li><strong>Bodr\u00e1cs B\u00e1lint, Koll\u00e1th Mih\u00e1ly G\u00e1bor:<\/strong> F\u0151szerkeszt\u0151i k\u00f6sz\u00f6nt\u0151<\/li><li><strong>Tak\u00e1cs Enik\u0151:<\/strong> Igazgat\u00f3i k\u00f6sz\u00f6nt\u0151<\/li><li><strong>Bord\u00e1cs B\u00e1lint: <\/strong>Versenykorl\u00e1toz\u00f3 magatart\u00e1sok fenntarthat\u00f3s\u00e1gi alapon val\u00f3 egyedi mentes\u00edt\u00e9s\u00e9nek k\u00e9rd\u00e9sei<\/li><li><strong>Pap Krist\u00f3f:<\/strong> Impartiality and  independence in international commercial arbitration<\/li><li><strong>Szelics\u00e1n \u2013 Szaj\u00e1ni Laura Erzs\u00e9bet: <\/strong>\u00c1s\u00f3, kapa, nagyharang? \u2013 A h\u00e1zass\u00e1g felbont\u00e1sa Magyarorsz\u00e1gon<\/li><li><strong>Teleki L\u00f3r\u00e1nt:<\/strong> A versenyjogi jogs\u00e9rt\u00e9sek k\u00f6vetkezt\u00e9ben felmer\u00fcl\u0151 mag\u00e1njogi k\u00e1rig\u00e9nyek<\/li><li><strong>Bemutatkozik a J\u00d6Sz Szakkoll\u00e9gium<\/strong><\/li><\/ul>\n\n\n\n<p><\/p>\n<\/div>\n<\/div>\n","protected":false},"excerpt":{"rendered":"<p>J\u00d6Sz Jogtudom\u00e1nyi Szemle 2020\/1. Nagy D\u00e1niel: Kiad\u00f3i k\u00f6sz\u00f6nt\u0151 Bodr\u00e1cs B\u00e1lint, Koll\u00e1th Mih\u00e1ly G\u00e1bor: F\u0151szerkeszt\u0151i k\u00f6sz\u00f6nt\u0151 Tak\u00e1cs Enik\u0151: Igazgat\u00f3i k\u00f6sz\u00f6nt\u0151 Bord\u00e1cs B\u00e1lint: Versenykorl\u00e1toz\u00f3 magatart\u00e1sok fenntarthat\u00f3s\u00e1gi alapon val\u00f3 egyedi mentes\u00edt\u00e9s\u00e9nek k\u00e9rd\u00e9sei Pap Krist\u00f3f: Impartiality and independence in international commercial arbitration Szelics\u00e1n \u2013 Szaj\u00e1ni Laura Erzs\u00e9bet: \u00c1s\u00f3, kapa, nagyharang? \u2013 A h\u00e1zass\u00e1g felbont\u00e1sa Magyarorsz\u00e1gon Teleki L\u00f3r\u00e1nt: A versenyjogi jogs\u00e9rt\u00e9sek k\u00f6vetkezt\u00e9ben felmer\u00fcl\u0151 mag\u00e1njogi k\u00e1rig\u00e9nyek [&hellip;]<\/p>\n","protected":false},"author":2,"featured_media":0,"parent":0,"menu_order":0,"comment_status":"closed","ping_status":"closed","template":"","meta":{"_monsterinsights_skip_tracking":false,"_monsterinsights_sitenote_active":false,"_monsterinsights_sitenote_note":"","_monsterinsights_sitenote_category":0},"_links":{"self":[{"href":"https:\/\/intezet.josz.org\/index.php\/wp-json\/wp\/v2\/pages\/1132"}],"collection":[{"href":"https:\/\/intezet.josz.org\/index.php\/wp-json\/wp\/v2\/pages"}],"about":[{"href":"https:\/\/intezet.josz.org\/index.php\/wp-json\/wp\/v2\/types\/page"}],"author":[{"embeddable":true,"href":"https:\/\/intezet.josz.org\/index.php\/wp-json\/wp\/v2\/users\/2"}],"replies":[{"embeddable":true,"href":"https:\/\/intezet.josz.org\/index.php\/wp-json\/wp\/v2\/comments?post=1132"}],"version-history":[{"count":3,"href":"https:\/\/intezet.josz.org\/index.php\/wp-json\/wp\/v2\/pages\/1132\/revisions"}],"predecessor-version":[{"id":1149,"href":"https:\/\/intezet.josz.org\/index.php\/wp-json\/wp\/v2\/pages\/1132\/revisions\/1149"}],"wp:attachment":[{"href":"https:\/\/intezet.josz.org\/index.php\/wp-json\/wp\/v2\/media?parent=1132"}],"curies":[{"name":"wp","href":"https:\/\/api.w.org\/{rel}","templated":true}]}}