{"id":109,"date":"2021-05-23T15:21:26","date_gmt":"2021-05-23T15:21:26","guid":{"rendered":"http:\/\/intezet.josz.org\/?page_id=109"},"modified":"2025-12-15T16:11:03","modified_gmt":"2025-12-15T16:11:03","slug":"josz-jogtudomanyi-szemle","status":"publish","type":"page","link":"https:\/\/intezet.josz.org\/index.php\/josz-jogtudomanyi-szemle\/","title":{"rendered":"J\u00d6Sz Jogtudom\u00e1nyi Szemle"},"content":{"rendered":"\n<p><strong>F\u0151szerkeszt\u0151k: <\/strong>Kar\u00e1csony Lili \u00e9s Koll\u00e1th Mih\u00e1ly G\u00e1bor&nbsp;<\/p>\n\n\n\n<p><strong>A szerkeszt\u0151bizotts\u00e1g tagjai:&nbsp;<\/strong> Gell\u00e9r Bal\u00e1zs, Hack P\u00e9ter, Koltay Andr\u00e1s, Menyh\u00e1rd Attila, Nagy Marianna, Somssich R\u00e9ka, Bord\u00e1cs B\u00e1lint, Koll\u00e1th Mih\u00e1ly G\u00e1bor&nbsp;<br><br><strong>Lektor\u00e1lja: <\/strong>B\u00e1nh\u00e1zi Enik\u0151<\/p>\n\n\n\n<p><strong>Bels\u0151 tervez\u00e9s \u00e9s grafikai munk\u00e1k: <\/strong>Koll\u00e1th Mih\u00e1ly G\u00e1bor&nbsp;<\/p>\n\n\n\n<p><strong>Kiadja: <\/strong>Jog\u00e1szok \u00d6nk\u00e9pz\u0151 Szervezet\u00e9\u00e9rt Alap\u00edtv\u00e1ny&nbsp;<br>Sz\u00e9khely: 1056, Budapest, Szerb utca 3.&nbsp;<br>alapitvany@josz.org&nbsp;<\/p>\n\n\n\n<p><strong>A kiad\u00e1s\u00e9rt felel: <\/strong>Dr. Losteiner Cec\u00edlia, a Kurat\u00f3rium eln\u00f6ke&nbsp;<\/p>\n\n\n\n<p><strong>Nyomdai munk\u00e1k: <\/strong>Robinco Nyomda&nbsp;<\/p>\n\n\n\n<p><strong>ISSN:&nbsp;<\/strong> HU ISSN 2732-1916<\/p>\n\n\n\n<p><strong>Kapcsolat: <\/strong>intezet@josz.org<\/p>\n\n\n\n<p><\/p>\n\n\n\n<p><a href=\"https:\/\/intezet.josz.org\/index.php\/megjelent-lapszamok\/\">Az eddig megjelent lapsz\u00e1mok IDE kattintva \u00e9rhet\u0151ek el.<\/a><\/p>\n","protected":false},"excerpt":{"rendered":"<p>F\u0151szerkeszt\u0151k: Kar\u00e1csony Lili \u00e9s Koll\u00e1th Mih\u00e1ly G\u00e1bor&nbsp; A szerkeszt\u0151bizotts\u00e1g tagjai:&nbsp; Gell\u00e9r Bal\u00e1zs, Hack P\u00e9ter, Koltay Andr\u00e1s, Menyh\u00e1rd Attila, Nagy Marianna, Somssich R\u00e9ka, Bord\u00e1cs B\u00e1lint, Koll\u00e1th Mih\u00e1ly G\u00e1bor&nbsp; Lektor\u00e1lja: B\u00e1nh\u00e1zi Enik\u0151 Bels\u0151 tervez\u00e9s \u00e9s grafikai munk\u00e1k: Koll\u00e1th Mih\u00e1ly G\u00e1bor&nbsp; Kiadja: Jog\u00e1szok \u00d6nk\u00e9pz\u0151 Szervezet\u00e9\u00e9rt Alap\u00edtv\u00e1ny&nbsp;Sz\u00e9khely: 1056, Budapest, Szerb utca 3.&nbsp;alapitvany@josz.org&nbsp; A kiad\u00e1s\u00e9rt felel: Dr. Losteiner Cec\u00edlia, a Kurat\u00f3rium eln\u00f6ke&nbsp; Nyomdai munk\u00e1k: Robinco [&hellip;]<\/p>\n","protected":false},"author":1,"featured_media":0,"parent":0,"menu_order":0,"comment_status":"closed","ping_status":"closed","template":"page-templates\/full-width-container.php","meta":{"_monsterinsights_skip_tracking":false,"_monsterinsights_sitenote_active":false,"_monsterinsights_sitenote_note":"","_monsterinsights_sitenote_category":0},"_links":{"self":[{"href":"https:\/\/intezet.josz.org\/index.php\/wp-json\/wp\/v2\/pages\/109"}],"collection":[{"href":"https:\/\/intezet.josz.org\/index.php\/wp-json\/wp\/v2\/pages"}],"about":[{"href":"https:\/\/intezet.josz.org\/index.php\/wp-json\/wp\/v2\/types\/page"}],"author":[{"embeddable":true,"href":"https:\/\/intezet.josz.org\/index.php\/wp-json\/wp\/v2\/users\/1"}],"replies":[{"embeddable":true,"href":"https:\/\/intezet.josz.org\/index.php\/wp-json\/wp\/v2\/comments?post=109"}],"version-history":[{"count":3,"href":"https:\/\/intezet.josz.org\/index.php\/wp-json\/wp\/v2\/pages\/109\/revisions"}],"predecessor-version":[{"id":2053,"href":"https:\/\/intezet.josz.org\/index.php\/wp-json\/wp\/v2\/pages\/109\/revisions\/2053"}],"wp:attachment":[{"href":"https:\/\/intezet.josz.org\/index.php\/wp-json\/wp\/v2\/media?parent=109"}],"curies":[{"name":"wp","href":"https:\/\/api.w.org\/{rel}","templated":true}]}}